{"id":210,"date":"2013-12-24T13:05:17","date_gmt":"2013-12-24T13:05:17","guid":{"rendered":"http:\/\/republicirelandbank.com\/?page_id=210"},"modified":"2015-01-20T00:49:24","modified_gmt":"2015-01-20T00:49:24","slug":"as-gaeilge","status":"publish","type":"page","link":"https:\/\/republicirelandbank.com\/?page_id=210","title":{"rendered":"As Gaeilge"},"content":{"rendered":"<p>SCOIL PBOBAIL BAINC\u00c9IREACHT POIBL\u00cd\u00a0 NA H\u00c9IREANN 26-1-14<\/p>\n<p><iframe loading=\"lazy\" style=\"width: 100%; height: 500px;\" src=\"http:\/\/docs.google.com\/gview?url=https:\/\/republicirelandbank.com\/wp-content\/uploads\/2013\/12\/SCOIL-PBOBAIL-BAINC\u00c9IREACHT-POIBL\u00cd-NA-H\u00c9IREANN.pdf&amp;embedded=true\" height=\"240\" width=\"320\" frameborder=\"0\"><\/iframe><a href=\"https:\/\/republicirelandbank.com\/wp-content\/uploads\/2013\/12\/SCOIL-PBOBAIL-BAINC\u00c9IREACHT-POIBL\u00cd-NA-H\u00c9IREANN.pdf\">SCOIL PBOBAIL BAINC\u00c9IREACHT POIBL\u00cd NA H\u00c9IREANN<\/a><\/p>\n<p><a href=\"mailto:publicbankingineirinn@yahoo.ie\">publicbankingineirinn@yahoo.ie<\/a><\/p>\n<p>&nbsp;<\/p>\n<div style=\"padding-bottom:20px; padding-top:10px;\" class=\"hupso-share-buttons\"><!-- Hupso Share Buttons - https:\/\/www.hupso.com\/share\/ --><a class=\"hupso_toolbar\" href=\"https:\/\/www.hupso.com\/share\/\"><img decoding=\"async\" src=\"https:\/\/static.hupso.com\/share\/buttons\/share-medium.png\" style=\"border:0px; padding-top: 5px; float:left;\" alt=\"Share Button\"\/><\/a><script type=\"text\/javascript\">var hupso_services_t=new Array(\"Twitter\",\"Facebook\",\"Google Plus\",\"Linkedin\",\"Reddit\",\"Email\");var hupso_background_t=\"#EAF4FF\";var hupso_border_t=\"#66CCFF\";var hupso_toolbar_size_t=\"medium\";var hupso_image_folder_url = \"\";var hupso_twitter_via=\"IrlPublicBanks\";var hupso_url_t=\"\";var hupso_title_t=\"As%20Gaeilge\";<\/script><script type=\"text\/javascript\" src=\"https:\/\/static.hupso.com\/share\/js\/share_toolbar.js\"><\/script><!-- Hupso Share Buttons --><\/div>","protected":false},"excerpt":{"rendered":"<p>SCOIL PBOBAIL BAINC\u00c9IREACHT POIBL\u00cd\u00a0 NA H\u00c9IREANN 26-1-14 SCOIL PBOBAIL BAINC\u00c9IREACHT POIBL\u00cd NA H\u00c9IREANN publicbankingineirinn@yahoo.ie &nbsp;<\/p>\n<div style=\"padding-bottom:20px; padding-top:10px;\" class=\"hupso-share-buttons\"><!-- Hupso Share Buttons - https:\/\/www.hupso.com\/share\/ --><a class=\"hupso_toolbar\" href=\"https:\/\/www.hupso.com\/share\/\"><img src=\"https:\/\/static.hupso.com\/share\/buttons\/share-medium.png\" style=\"border:0px; padding-top: 5px; float:left;\" alt=\"Share Button\"\/><\/a><script type=\"text\/javascript\">var hupso_services_t=new Array(\"Twitter\",\"Facebook\",\"Google Plus\",\"Linkedin\",\"Reddit\",\"Email\");var hupso_background_t=\"#EAF4FF\";var hupso_border_t=\"#66CCFF\";var hupso_toolbar_size_t=\"medium\";var hupso_image_folder_url = \"\";var hupso_twitter_via=\"IrlPublicBanks\";var hupso_url_t=\"\";var hupso_title_t=\"As%20Gaeilge\";<\/script><script type=\"text\/javascript\" src=\"https:\/\/static.hupso.com\/share\/js\/share_toolbar.js\"><\/script><!-- Hupso Share Buttons --><\/div>","protected":false},"author":1,"featured_media":0,"parent":0,"menu_order":0,"comment_status":"open","ping_status":"open","template":"","meta":{"footnotes":""},"class_list":["post-210","page","type-page","status-publish","hentry"],"_links":{"self":[{"href":"https:\/\/republicirelandbank.com\/index.php?rest_route=\/wp\/v2\/pages\/210","targetHints":{"allow":["GET"]}}],"collection":[{"href":"https:\/\/republicirelandbank.com\/index.php?rest_route=\/wp\/v2\/pages"}],"about":[{"href":"https:\/\/republicirelandbank.com\/index.php?rest_route=\/wp\/v2\/types\/page"}],"author":[{"embeddable":true,"href":"https:\/\/republicirelandbank.com\/index.php?rest_route=\/wp\/v2\/users\/1"}],"replies":[{"embeddable":true,"href":"https:\/\/republicirelandbank.com\/index.php?rest_route=%2Fwp%2Fv2%2Fcomments&post=210"}],"version-history":[{"count":6,"href":"https:\/\/republicirelandbank.com\/index.php?rest_route=\/wp\/v2\/pages\/210\/revisions"}],"predecessor-version":[{"id":720,"href":"https:\/\/republicirelandbank.com\/index.php?rest_route=\/wp\/v2\/pages\/210\/revisions\/720"}],"wp:attachment":[{"href":"https:\/\/republicirelandbank.com\/index.php?rest_route=%2Fwp%2Fv2%2Fmedia&parent=210"}],"curies":[{"name":"wp","href":"https:\/\/api.w.org\/{rel}","templated":true}]}}